{"id":2941,"date":"2021-10-19T13:57:11","date_gmt":"2021-10-19T13:57:11","guid":{"rendered":"https:\/\/granisel.eu\/?post_type=product&#038;p=2941"},"modified":"2021-10-19T13:57:12","modified_gmt":"2021-10-19T13:57:12","slug":"irregular-stones-en","status":"publish","type":"product","link":"https:\/\/granisel.eu\/en\/product\/irregular-stones-en\/","title":{"rendered":"IRREGULAR STONES"},"content":{"rendered":"<p>Densidade a granel:&#8230;&#8230;&#8230;&#8230;&#8230;&#8230;&#8230;. 2446 kg\/cm3<br \/>\nFor\u00e7a compressiva:&#8230;&#8230;&#8230;&#8230;&#8230;&#8230;&#8230;&#8230;&#8230; 44 N\/nn2<br \/>\nResist\u00eancia \u00e0 abras\u00e3o:&#8230;&#8230;&#8230;&#8230;&#8230;&#8230;&#8230;&#8230;&#8230;. 22,5 mm<br \/>\nPorosidade:&#8230;&#8230;&#8230;&#8230;&#8230;&#8230;&#8230;&#8230;&#8230;&#8230;&#8230;&#8230;&#8230;&#8230;&#8230;&#8230;&#8230;.. 1,90%<br \/>\nAbsor\u00e7\u00e3o:&#8230;&#8230;&#8230;&#8230;&#8230;&#8230;&#8230;&#8230;&#8230;&#8230;&#8230;&#8230;&#8230;&#8230;&#8230;&#8230;&#8230;&#8230;&#8230;.. 1,2%<\/p>","protected":false},"excerpt":{"rendered":"<p><strong>TYPE:<\/strong> Coating<br \/>\n<strong>COLOR:<\/strong> Beige<br \/>\n<strong>ORIGIN:<\/strong> N\/A<\/p>\n<p>&nbsp;<\/p>\n<p>&nbsp;<\/p>\n<p>&nbsp;<\/p>\n<p><strong>MATERIAL DESCRIPTION:<\/strong><br \/>\nIrregular Stones is a natural rock-like coating.<\/p>\n<p>&nbsp;<\/p>\n<p>&nbsp;<\/p>\n<p>&nbsp;<\/p>\n<p><strong>RECOMMENDED APPLICATIONS:<\/strong><br \/>\nIdeal for decoration, cladding both indoor and outdoor environments.<\/p>\n<p>&nbsp;<\/p>\n<p>&nbsp;<\/p>\n<p><strong>Premium stone pieces<\/strong><br \/>\n&#8211; travertine<\/p>\n<p>&nbsp;<\/p>\n<p>&nbsp;<\/p>\n<p><strong>DIMENSIONS:<\/strong><\/p>\n<p>Irregular size x 2.5 cm to 3 cm thickness.<\/p>\n<p>&nbsp;<\/p>\n<p>&nbsp;<\/p>\n<p><a href=\"https:\/\/slabs.granisel.eu\/public\/\" target=\"_blank\" rel=\"noopener\"><img decoding=\"async\" loading=\"lazy\" class=\"size-medium wp-image-2530 alignleft\" src=\"https:\/\/granisel.eu\/wp-content\/uploads\/botao-stock-website_EN-300x51.jpg\" alt=\"\" width=\"300\" height=\"51\" srcset=\"https:\/\/granisel.eu\/wp-content\/uploads\/botao-stock-website_EN-300x51.jpg 300w, https:\/\/granisel.eu\/wp-content\/uploads\/botao-stock-website_EN-768x131.jpg 768w, https:\/\/granisel.eu\/wp-content\/uploads\/botao-stock-website_EN-18x3.jpg 18w, https:\/\/granisel.eu\/wp-content\/uploads\/botao-stock-website_EN-800x136.jpg 800w, https:\/\/granisel.eu\/wp-content\/uploads\/botao-stock-website_EN.jpg 1371w\" sizes=\"(max-width: 300px) 100vw, 300px\" \/><\/a><\/p>\n<p>&nbsp;<\/p>\n<p>&nbsp;<\/p>\n<p>&nbsp;<\/p>\n<p>&nbsp;<\/p>\n<p>&nbsp; <\/p>\n<div><a class=\"zoli-read-more-link\" href=\"https:\/\/granisel.eu\/en\/product\/irregular-stones-en\/\">Read More<span class=\"lexus-icon-Icon_Next\"><\/span><\/a><\/div>","protected":false},"featured_media":2936,"template":"","meta":{"om_disable_all_campaigns":false,"_monsterinsights_skip_tracking":false,"_monsterinsights_sitenote_active":false,"_monsterinsights_sitenote_note":"","_monsterinsights_sitenote_category":0,"_uf_show_specific_survey":0,"_uf_disable_surveys":false},"product_cat":[71],"product_tag":[294,292,285],"aioseo_notices":[],"_links":{"self":[{"href":"https:\/\/granisel.eu\/en\/wp-json\/wp\/v2\/product\/2941"}],"collection":[{"href":"https:\/\/granisel.eu\/en\/wp-json\/wp\/v2\/product"}],"about":[{"href":"https:\/\/granisel.eu\/en\/wp-json\/wp\/v2\/types\/product"}],"version-history":[{"count":1,"href":"https:\/\/granisel.eu\/en\/wp-json\/wp\/v2\/product\/2941\/revisions"}],"predecessor-version":[{"id":2945,"href":"https:\/\/granisel.eu\/en\/wp-json\/wp\/v2\/product\/2941\/revisions\/2945"}],"wp:featuredmedia":[{"embeddable":true,"href":"https:\/\/granisel.eu\/en\/wp-json\/wp\/v2\/media\/2936"}],"wp:attachment":[{"href":"https:\/\/granisel.eu\/en\/wp-json\/wp\/v2\/media?parent=2941"}],"wp:term":[{"taxonomy":"product_cat","embeddable":true,"href":"https:\/\/granisel.eu\/en\/wp-json\/wp\/v2\/product_cat?post=2941"},{"taxonomy":"product_tag","embeddable":true,"href":"https:\/\/granisel.eu\/en\/wp-json\/wp\/v2\/product_tag?post=2941"}],"curies":[{"name":"wp","href":"https:\/\/api.w.org\/{rel}","templated":true}]}}