{"id":1443,"date":"2020-12-30T00:27:23","date_gmt":"2020-12-30T00:27:23","guid":{"rendered":"https:\/\/granisel.eu\/?page_id=1443"},"modified":"2020-12-30T00:40:51","modified_gmt":"2020-12-30T00:40:51","slug":"projects","status":"publish","type":"page","link":"https:\/\/granisel.eu\/en\/projects\/","title":{"rendered":"Projects"},"content":{"rendered":"<div data-elementor-type=\"wp-page\" data-elementor-id=\"1443\" class=\"elementor elementor-1443\">\n\t\t\t\t\t\t<div class=\"elementor-inner\">\n\t\t\t\t<div class=\"elementor-section-wrap\">\n\t\t\t\t\t\t\t\t\t<section class=\"elementor-section elementor-top-section elementor-element elementor-element-a0dd020 elementor-section-boxed elementor-section-height-default elementor-section-height-default\" data-id=\"a0dd020\" data-element_type=\"section\">\n\t\t\t\t\t\t<div class=\"elementor-container elementor-column-gap-default\">\n\t\t\t\t\t\t\t<div class=\"elementor-row\">\n\t\t\t\t\t<div class=\"elementor-column elementor-col-100 elementor-top-column elementor-element elementor-element-e49f8d8\" data-id=\"e49f8d8\" data-element_type=\"column\">\n\t\t\t<div class=\"elementor-column-wrap\">\n\t\t\t\t\t\t\t<div class=\"elementor-widget-wrap\">\n\t\t\t\t\t\t\t\t<\/div>\n\t\t\t\t\t<\/div>\n\t\t<\/div>\n\t\t\t\t\t\t\t\t<\/div>\n\t\t\t\t\t<\/div>\n\t\t<\/section>\n\t\t\t\t<section class=\"elementor-section elementor-top-section elementor-element elementor-element-92b6c86 elementor-section-boxed elementor-section-height-default elementor-section-height-default\" data-id=\"92b6c86\" data-element_type=\"section\">\n\t\t\t\t\t\t<div class=\"elementor-container elementor-column-gap-default\">\n\t\t\t\t\t\t\t<div class=\"elementor-row\">\n\t\t\t\t\t<div class=\"elementor-column elementor-col-100 elementor-top-column elementor-element elementor-element-f9d095c\" data-id=\"f9d095c\" data-element_type=\"column\">\n\t\t\t<div class=\"elementor-column-wrap elementor-element-populated\">\n\t\t\t\t\t\t\t<div class=\"elementor-widget-wrap\">\n\t\t\t\t\t\t<div class=\"elementor-element elementor-element-2b9ef13 elementor-widget elementor-widget-image-carousel\" data-id=\"2b9ef13\" data-element_type=\"widget\" data-settings=\"{&quot;slides_to_show&quot;:&quot;3&quot;,&quot;slides_to_scroll&quot;:&quot;1&quot;,&quot;navigation&quot;:&quot;none&quot;,&quot;autoplay&quot;:&quot;no&quot;,&quot;infinite&quot;:&quot;no&quot;,&quot;speed&quot;:500}\" data-widget_type=\"image-carousel.default\">\n\t\t\t\t<div class=\"elementor-widget-container\">\n\t\t\t\t\t<div class=\"elementor-image-carousel-wrapper swiper-container\" dir=\"ltr\">\n\t\t\t<div class=\"elementor-image-carousel swiper-wrapper\">\n\t\t\t\t\t\t\t\t<div class=\"swiper-slide\"><figure class=\"swiper-slide-inner\"><img decoding=\"async\" class=\"swiper-slide-image\" src=\"https:\/\/granisel.eu\/wp-content\/uploads\/imgfooter.png\" alt=\"imgfooter\" \/><\/figure><\/div><div class=\"swiper-slide\"><figure class=\"swiper-slide-inner\"><img decoding=\"async\" class=\"swiper-slide-image\" src=\"https:\/\/granisel.eu\/wp-content\/uploads\/imgfooter2.png\" alt=\"imgfooter2\" \/><\/figure><\/div><div class=\"swiper-slide\"><figure class=\"swiper-slide-inner\"><img decoding=\"async\" class=\"swiper-slide-image\" src=\"https:\/\/granisel.eu\/wp-content\/uploads\/imgfooter3.png\" alt=\"imgfooter3\" \/><\/figure><\/div>\t\t\t<\/div>\n\t\t\t\t\t\t\t\t\t\t\t\t\t\t\t\t<\/div>\n\t\t\t\t<\/div>\n\t\t\t\t<\/div>\n\t\t\t\t<div class=\"elementor-element elementor-element-6e294e9 elementor-widget elementor-widget-spacer\" data-id=\"6e294e9\" data-element_type=\"widget\" data-widget_type=\"spacer.default\">\n\t\t\t\t<div class=\"elementor-widget-container\">\n\t\t\t\t\t<div class=\"elementor-spacer\">\n\t\t\t<div class=\"elementor-spacer-inner\"><\/div>\n\t\t<\/div>\n\t\t\t\t<\/div>\n\t\t\t\t<\/div>\n\t\t\t\t<div class=\"elementor-element elementor-element-45c0e85 elementor-widget elementor-widget-text-editor\" data-id=\"45c0e85\" data-element_type=\"widget\" data-widget_type=\"text-editor.default\">\n\t\t\t\t<div class=\"elementor-widget-container\">\n\t\t\t\t\t\t\t\t<div class=\"elementor-text-editor elementor-clearfix\">\n\t\t\t\t<p><strong>Designa\u00e7\u00e3o do Projeto<\/strong>: Granisel &#8211; Reposicionamento de Produto e Diversifica\u00e7\u00e3o de Mercados<\/p><p>\u00a0<\/p><p><strong>C\u00f3digo do Projeto<\/strong>: NORTE-02-0752-FEDER-013654 \/ NORTE-06-3560-FSE-013654<\/p><p><strong>Objetivo Principal<\/strong>: Refor\u00e7ar a competitividade das pequenas e m\u00e9dias empresas<\/p><p><strong>Regi\u00e3o de Interven\u00e7\u00e3o<\/strong>: Vila Real<\/p><p><strong>Entidade Benefici\u00e1ria<\/strong>: GRANISELREAL &#8211; Sociedade de Comercializa\u00e7\u00e3o de Pedras Naturais Lda.<\/p><p><strong>Data de Aprova\u00e7\u00e3o<\/strong>: 07-01-2016<\/p><p><strong>Data de In\u00edcio<\/strong>: 01-10-2015<\/p><p><strong>Data de Conclus\u00e3o<\/strong>: 30-09-2018<\/p><p><strong>Custo total eleg\u00edvel<\/strong>: 506.598,89\u20ac<\/p><p><strong>Apoio financeiro da Uni\u00e3o Europeia<\/strong>: FEDER \u2013 224.723,25\u20ac \/ FSE \u2013 5.049,72\u20ac<\/p><p>\u00a0<\/p><p><strong>Descri\u00e7\u00e3o do projeto<\/strong><\/p><p>Suportada nas suas compet\u00eancias distintivas e pontos fortes, com o apoio deste projeto a Granisel prop\u00f5e-se implementar um plano integrado de investimentos que promova o seu reposicionamento global, apostando em dois grandes vetores de atua\u00e7\u00e3o: diversifica\u00e7\u00e3o de mercados \u2013 geografias e segmentos alvo, e reposicionamento do produto \u2013 na cadeia de valor e na perce\u00e7\u00e3o do mercado.<\/p><p>O plano de promo\u00e7\u00e3o comtempla um conjunto diversificado de a\u00e7\u00f5es e iniciativas, das quais se salienta:<\/p><p>Conce\u00e7\u00e3o de nova imagem de marca<br \/>Aquisi\u00e7\u00e3o de conhecimento cr\u00edtico sobre os mercados-alvo<br \/>Contrata\u00e7\u00e3o de consultoria especializada de prospe\u00e7\u00e3o<br \/>Realiza\u00e7\u00e3o de viagens de prospe\u00e7\u00e3o e ac\u00e7\u00f5es de demonstra\u00e7\u00e3o t\u00e9cnica<br \/>Participa\u00e7\u00e3o em certames de refer\u00eancia internacional<br \/>Aposta no marketing digital<br \/>Produ\u00e7\u00e3o de novos materiais promocionais<br \/>Realiza\u00e7\u00e3o de publicidade em meios de imprensa especializados<br \/>Contrata\u00e7\u00e3o de quadros t\u00e9cnicos especializados nos dom\u00ednios da internacionaliza\u00e7\u00e3o<br \/>Refor\u00e7o das compet\u00eancias de gest\u00e3o<\/p><p>A GRANISEL pretende com a execu\u00e7\u00e3o deste projeto de investimento alcan\u00e7ar os seguintes objetivos:<\/p><p>Promover o crescimento do Volume de Neg\u00f3cios Global<br \/>Incrementar de forma significativa o Volume de Neg\u00f3cios Internacional<br \/>Diversificar mercados e segmentos de atua\u00e7\u00e3o<br \/>Aumentar a notoriedade e visibilidade internacional da marca Granisel<\/p>\t\t\t\t\t<\/div>\n\t\t\t\t\t\t<\/div>\n\t\t\t\t<\/div>\n\t\t\t\t\t\t<\/div>\n\t\t\t\t\t<\/div>\n\t\t<\/div>\n\t\t\t\t\t\t\t\t<\/div>\n\t\t\t\t\t<\/div>\n\t\t<\/section>\n\t\t\t\t\t\t\t\t\t<\/div>\n\t\t\t<\/div>\n\t\t\t\t\t<\/div>","protected":false},"excerpt":{"rendered":"<p>Designa\u00e7\u00e3o do Projeto: Granisel &#8211; Reposicionamento de Produto e Diversifica\u00e7\u00e3o de Mercados C\u00f3digo do Projeto: NORTE-02-0752-FEDER-013654 \/ NORTE-06-3560-FSE-013654 Objetivo Principal: Refor\u00e7ar a competitividade das pequenas e m\u00e9dias empresas Regi\u00e3o de Interven\u00e7\u00e3o: Vila Real Entidade Benefici\u00e1ria: GRANISELREAL &#8211; Sociedade de Comercializa\u00e7\u00e3o de Pedras Naturais Lda. Data de Aprova\u00e7\u00e3o: 07-01-2016 Data de In\u00edcio: 01-10-2015 Data de Conclus\u00e3o: <\/p>\n<div><a class=\"zoli-read-more-link\" href=\"https:\/\/granisel.eu\/en\/projects\/\">Read More<span class=\"lexus-icon-Icon_Next\"><\/span><\/a><\/div>","protected":false},"author":1,"featured_media":0,"parent":0,"menu_order":0,"comment_status":"closed","ping_status":"closed","template":"","meta":{"om_disable_all_campaigns":false,"_monsterinsights_skip_tracking":false,"_monsterinsights_sitenote_active":false,"_monsterinsights_sitenote_note":"","_monsterinsights_sitenote_category":0,"_uf_show_specific_survey":0,"_uf_disable_surveys":false},"aioseo_notices":[],"_links":{"self":[{"href":"https:\/\/granisel.eu\/en\/wp-json\/wp\/v2\/pages\/1443"}],"collection":[{"href":"https:\/\/granisel.eu\/en\/wp-json\/wp\/v2\/pages"}],"about":[{"href":"https:\/\/granisel.eu\/en\/wp-json\/wp\/v2\/types\/page"}],"author":[{"embeddable":true,"href":"https:\/\/granisel.eu\/en\/wp-json\/wp\/v2\/users\/1"}],"replies":[{"embeddable":true,"href":"https:\/\/granisel.eu\/en\/wp-json\/wp\/v2\/comments?post=1443"}],"version-history":[{"count":2,"href":"https:\/\/granisel.eu\/en\/wp-json\/wp\/v2\/pages\/1443\/revisions"}],"predecessor-version":[{"id":1468,"href":"https:\/\/granisel.eu\/en\/wp-json\/wp\/v2\/pages\/1443\/revisions\/1468"}],"wp:attachment":[{"href":"https:\/\/granisel.eu\/en\/wp-json\/wp\/v2\/media?parent=1443"}],"curies":[{"name":"wp","href":"https:\/\/api.w.org\/{rel}","templated":true}]}}